{"id":2645,"date":"2022-02-21T07:40:21","date_gmt":"2022-02-21T06:40:21","guid":{"rendered":"https:\/\/www.abfdecisions.fr\/page-d-exemple\/"},"modified":"2026-01-28T14:26:42","modified_gmt":"2026-01-28T13:26:42","slug":"legal-notices","status":"publish","type":"page","link":"https:\/\/www.abfdecisions.fr\/en\/legal-notices\/","title":{"rendered":"Legal Notices"},"content":{"rendered":"<p>&nbsp;<\/p>\r\n\r\n<div class=\"wpb_text_column wpb_content_element \">\r\n<div class=\"wpb_wrapper\">\r\n<div class=\"website_tos\">\r\n<p class=\"p1\"><span style=\"color: #000000;\"><b>Directeur de la publication :<\/b><\/span><\/p>\r\n<p class=\"p2\"><span style=\"color: #000000;\">Fr\u00e9d\u00e9ric Collignon<\/span><\/p>\r\n<p class=\"p1\"><span style=\"color: #000000;\"><b>Site Web \u00e9dit\u00e9 par :<\/b><\/span><\/p>\r\n<p class=\"p2\"><span style=\"color: #000000;\">ABF D\u00e9cisions<\/span><br \/><span style=\"color: #000000;\">1 impasse du Palais<\/span><br \/><span style=\"color: #000000;\">37 000 Tours<\/span><br \/><span style=\"color: #000000;\">France<\/span><\/p>\r\n<p class=\"p1\"><span style=\"color: #000000;\"><b>Site Web heberg\u00e9 par :<\/b><\/span><\/p>\r\n<p class=\"p2\"><span style=\"color: #000000;\">OVH<\/span><br \/><span style=\"color: #000000;\">2 rue Kellermann<\/span><br \/><span style=\"color: #000000;\">59100 Roubaix<\/span><br \/><span style=\"color: #000000;\">08\u00a020\u00a069\u00a087\u00a065<\/span><\/p>\r\n<p class=\"p2\"><span style=\"color: #000000;\">SAS au capital de 9 778,00 euros,<\/span><br \/><span style=\"color: #000000;\">immatricul\u00e9e au Registre du Commerce et des Soci\u00e9t\u00e9s de Tours<\/span><br \/><span style=\"color: #000000;\">sous le num\u00e9ro 444979280<\/span><br \/><span style=\"color: #000000;\">FR87444979280 n\u00b0 d\u2019identification TVA<\/span><br \/><span style=\"color: #000000;\">44497928000054 SIRET<\/span><\/p>\r\n<p class=\"p1\"><span style=\"color: #000000;\"><b>Bienvenue chez ABF D\u00e9cisions<\/b><\/span><\/p>\r\n<p class=\"p2\"><span style=\"color: #000000;\">Nous vous remercions de l\u2019int\u00e9r\u00eat que vous portez \u00e0 notre site Web et \u00e0 notre entreprise.<\/span><br \/><span style=\"color: #000000;\">Cette page (ainsi que les documents auxquels il est fait r\u00e9f\u00e9rence) vous informe des conditions d\u2019utilisation de notre site web www.abfdecisions.fr en tant qu\u2019invit\u00e9 ou utilisateur enregistr\u00e9.<\/span><\/p>\r\n<p class=\"p1\"><span style=\"color: #000000;\"><b>Conditions d\u2019utilisation et d\u2019acc\u00e8s au site ABF D\u00e9cisions<\/b><\/span><\/p>\r\n<p class=\"p2\"><span style=\"color: #000000;\">ABF D\u00e9cisions a ouvert le site https:\/\/www.abfdecisions.fr, pour d\u00e9livrer des informations actualis\u00e9es sur ABF D\u00e9cisions tant \u00e0 ses salari\u00e9s qu\u2019\u00e0 tout public professionnel ou priv\u00e9 souhaitant conna\u00eetre l\u2019entreprise et ses r\u00e9alisations.<\/span><\/p>\r\n<p class=\"p2\"><span style=\"color: #000000;\">L\u2019utilisation du site est soumise au respect des conditions g\u00e9n\u00e9rales d\u2019acc\u00e8s et d\u2019utilisation d\u00e9taill\u00e9es ci-dessous et des lois applicables en France. Toute personne qui acc\u00e8de au site s\u2019engage \u00e0 respecter les pr\u00e9sentes conditions g\u00e9n\u00e9rales d\u2019utilisation.<\/span><\/p>\r\n<p class=\"p2\"><span style=\"color: #000000;\">ABF D\u00e9cisions se r\u00e9serve le droit de modifier et mettre \u00e0 jour \u00e0 tout moment l\u2019acc\u00e8s au site. Ces modifications et mises \u00e0 jour s\u2019imposent \u00e0 l\u2019utilisateur qui doit en cons\u00e9quence se r\u00e9f\u00e9rer r\u00e9guli\u00e8rement \u00e0 cette rubrique pour v\u00e9rifier les Conditions G\u00e9n\u00e9rales en vigueur.<\/span><\/p>\r\n<p class=\"p2\"><span style=\"color: #000000;\">ABF D\u00e9cisions se r\u00e9serve le droit de modifier et\/ou de supprimer, tout ou partie du site et ce, sans pr\u00e9avis et sans avoir \u00e0 en informer pr\u00e9alablement les internautes.<\/span><\/p>\r\n<p class=\"p2\"><span style=\"color: #000000;\">ABF D\u00e9cisions d\u00e9cline toute responsabilit\u00e9 pour les difficult\u00e9s rencontr\u00e9es lors de l\u2019acc\u00e8s \u00e0 son site ou pour toute d\u00e9faillance de communication.<\/span><\/p>\r\n<p class=\"p1\"><span style=\"color: #000000;\"><b>Informations relatives aux contenus du site ABF D\u00e9cisions<\/b><\/span><\/p>\r\n<p class=\"p2\"><span style=\"color: #000000;\">ABF D\u00e9cisions avise les utilisateurs de son site que la plupart des \u00e9l\u00e9ments pr\u00e9sent\u00e9s :<\/span><\/p>\r\n<ul class=\"ul1\">\r\n<li class=\"li2\"><span style=\"color: #000000;\">sont prot\u00e9g\u00e9s par la l\u00e9gislation sur le droit d\u2019auteur : ce peut \u00eatre notamment des photographies, des articles, des dessins, des s\u00e9quences anim\u00e9es\u2026.<\/span><\/li>\r\n<li class=\"li2\"><span style=\"color: #000000;\">et\/ou sont prot\u00e9g\u00e9s par la l\u00e9gislation sur la propri\u00e9t\u00e9 intellectuelle.<\/span><\/li>\r\n<li class=\"li2\"><span style=\"color: #000000;\">sont prot\u00e9g\u00e9s par la l\u00e9gislation sur les marques.<\/span><\/li>\r\n<\/ul>\r\n<p class=\"p2\"><span style=\"color: #000000;\">Les \u00e9l\u00e9ments ainsi prot\u00e9g\u00e9s sont la propri\u00e9t\u00e9 de ABF D\u00e9cisions ou de tiers ayant autoris\u00e9 ABF D\u00e9cisions \u00e0 les exploiter. A ce titre, les reproductions, sur un support papier ou informatique, des sites et des \u0153uvres et mod\u00e8les qui y sont reproduits sont autoris\u00e9es sous r\u00e9serve qu\u2019elles soient strictement r\u00e9serv\u00e9es \u00e0 un usage personnel excluant tout usage \u00e0 des fins publicitaires et\/ou commerciales et\/ou qu\u2019elles soient conformes aux dispositions de l\u2019article L122-5 du Code de la Propri\u00e9t\u00e9 Intellectuelle. A l\u2019exception des dispositions ci-dessus, toute reproduction, repr\u00e9sentation, utilisation ou modification, par quelque proc\u00e9d\u00e9 que ce soit et sur quelque support que ce soit, de tout ou partie du site, de tout ou partie des diff\u00e9rentes \u0153uvres et mod\u00e8les qui le composent, sans avoir obtenu l\u2019autorisation \u00e9crite de ABF D\u00e9cisions, est strictement interdite et constitue un d\u00e9lit de contrefa\u00e7on.<\/span><\/p>\r\n<p class=\"p2\"><span style=\"color: #000000;\">Les noms, d\u00e9nominations et signes de toute nature (tels que logotypes ou marques figuratives), le nom des produits et services qui sont cit\u00e9s ou reproduits sur les documents publicitaires de toutes natures publi\u00e9s sur le site de ABF D\u00e9cisions sont la propri\u00e9t\u00e9 des annonceurs, clients de ABF D\u00e9cisions. Il ne peut donc en \u00eatre fait aucun usage m\u00eame partiel par les internautes, aucune reproduction, repr\u00e9sentation ou imitation, sauf autorisation \u00e9crite pr\u00e9alable des propri\u00e9taires des marques cit\u00e9es. Toute infraction \u00e0 cette obligation constitue le d\u00e9lit de contrefa\u00e7on exposant son auteur \u00e0 des poursuites judiciaires.<\/span><\/p>\r\n<p class=\"p2\"><span style=\"color: #000000;\">Par ailleurs, le nom \u00ab ABF D\u00e9cisions \u00bb, ainsi que les noms, logotypes et d\u00e9nominations commerciales des soci\u00e9t\u00e9s de ABF D\u00e9cisions sont des marques d\u00e9pos\u00e9es. Il ne peut donc \u00eatre fait aucune reproduction m\u00eame partielle, des \u00e9l\u00e9ments de son identit\u00e9 graphique. Toute infraction \u00e0 cette obligation constitue le d\u00e9lit de contrefa\u00e7on exposant son auteur \u00e0 des poursuites judiciaires.<\/span><\/p>\r\n<p class=\"p2\"><span style=\"color: #000000;\">De la m\u00eame fa\u00e7on, les salari\u00e9s et dirigeants de ABF D\u00e9cisions dont l\u2019image est utilis\u00e9e sur ce site ont consenti \u00e0 l\u2019utilisation de ces documents iconographiques dans le cadre du site et uniquement dans ce cadre.<\/span><\/p>\r\n<p class=\"p2\"><span style=\"color: #000000;\">Aucune reproduction, repr\u00e9sentation ou utilisation quelconque de ces photos et films ne peut \u00eatre faite par les utilisateurs du site sans l\u2019accord \u00e9crit pr\u00e9alable de ABF D\u00e9cisions. Toute utilisation, m\u00eame partielle de ces documents, en violation de l\u2019obligation pr\u00e9cit\u00e9e, expose son auteur \u00e0 des poursuites judiciaires.<\/span><\/p>\r\n<p class=\"p1\"><span style=\"color: #000000;\"><b>Liens hypertextes<\/b><\/span><\/p>\r\n<p class=\"p2\"><span style=\"color: #000000;\">Des liens hypertextes pr\u00e9sents sur le site de ABF D\u00e9cisions permettent l\u2019acc\u00e8s \u00e0 d\u2019autres sites sur lesquels ABF D\u00e9cisions n\u2019exerce aucun contr\u00f4le. La responsabilit\u00e9 de ABF D\u00e9cisions ne saurait en aucun cas \u00eatre engag\u00e9e en cas de pr\u00e9judice caus\u00e9 par le contenu d\u2019un ou plusieurs des sites rattach\u00e9s par un lien hypertexte.<\/span><\/p>\r\n<p class=\"p2\"><span style=\"color: #000000;\">Il appartient aux internautes de prendre toutes les mesures appropri\u00e9es pour la protection de leur mat\u00e9riel, donn\u00e9es ou logiciel informatiques notamment contre les virus informatiques circulant sur le r\u00e9seau. ABF D\u00e9cisions ne saurait en aucun cas \u00eatre tenue responsable des dommages caus\u00e9s par un virus lors de la connexion \u00e0 son site.<\/span><\/p>\r\n<p class=\"p2\"><span style=\"color: #000000;\">La mise en place d\u2019un lien hypertexte vers le site de ABF D\u00e9cisions est possible mais n\u00e9cessite une autorisation pr\u00e9alable \u00e9crite de ABF D\u00e9cisions \/ Service Communication.<\/span><\/p>\r\n<p class=\"p1\"><span style=\"color: #000000;\"><b>Disponibilit\u00e9 du Site<\/b><\/span><\/p>\r\n<p class=\"p2\"><span style=\"color: #000000;\">En principe, le Site est disponible 24 heures sur 24, sept jours sur sept jours, sous r\u00e9serve des interruptions programm\u00e9es ou non programm\u00e9es n\u00e9cessaires \u00e0 leur maintenance, ou des cas de force majeure. Etant de facto soumis \u00e0 une obligation de moyens, ABF D\u00e9cisions ne saurait \u00eatre tenu pour responsable de tout dommage, de quelque nature que ce soit, r\u00e9sultant d\u2019une indisponibilit\u00e9 du Site.<\/span><\/p>\r\n<p class=\"p1\"><span style=\"color: #000000;\"><b>Protection des donn\u00e9es personnelles<\/b><\/span><\/p>\r\n<p class=\"p2\"><span style=\"color: #000000;\">La consultation du site ABF D\u00e9cisions est possible sans que vous ayez \u00e0 r\u00e9v\u00e9ler votre identit\u00e9 ou toute autre information \u00e0 caract\u00e8re personnel.<\/span><\/p>\r\n<p class=\"p2\"><span style=\"color: #000000;\">Concernant les informations \u00e0 caract\u00e8re nominatif que vous seriez amen\u00e9 \u00e0 nous communiquer, vous b\u00e9n\u00e9ficiez d\u2019un droit d\u2019acc\u00e8s et de rectification conform\u00e9ment \u00e0 la loi fran\u00e7aise \u00ab Informatique et Libert\u00e9 \u00bb n\u00b0 78-17 du 6 janvier 1978. La collecte de ces informations, via la rubrique \u00ab contact \u00bb et \u00ab recrutement \u00bb est n\u00e9cessaire pour r\u00e9pondre \u00e0 vos demandes de renseignement.<\/span><\/p>\r\n<p class=\"p2\"><span style=\"color: #000000;\">Nous vous signalons qu\u2019afin d\u2019optimiser la qualit\u00e9 de notre site internet, certaines informations \u00e0 caract\u00e8re non personnel, relatives \u00e0 votre activit\u00e9 sur ce site, seront automatiquement collect\u00e9es.<\/span><\/p>\r\n<p class=\"p2\"><span style=\"color: #000000;\">Ces informations sont destin\u00e9es \u00e0 ABF D\u00e9cisions et pourront servir de base \u00e0 des \u00e9tudes et analyses afin d\u2019optimiser notre site.<\/span><\/p>\r\n<p class=\"p1\"><span style=\"color: #000000;\"><b>Droit applicable<\/b><\/span><\/p>\r\n<p class=\"p2\"><span style=\"color: #000000;\">Le site internet ABF D\u00e9cisions est r\u00e9dig\u00e9 en fran\u00e7ais. Les pr\u00e9sentes Conditions G\u00e9n\u00e9rales d\u2019utilisation sont soumises au droit fran\u00e7ais. En cas de litige portant sur leur interpr\u00e9tation, les tribunaux fran\u00e7ais seront seuls comp\u00e9tents.<\/span><\/p>\r\n<p class=\"p1\"><span style=\"color: #000000;\"><b>Cookies<\/b><\/span><\/p>\r\n<p class=\"p2\"><span style=\"color: #000000;\">ABF D\u00e9cisions vous informe que lors de la consultation du site, des informations relatives \u00e0 la navigation de votre terminal sont susceptibles d\u2019\u00eatre enregistr\u00e9es dans des \u00ab\u00a0cookies\u00a0\u00bb sous r\u00e9serve des param\u00e8tres concernant les cookies dans votre navigateur. Ces param\u00e8tres sont modifiables \u00e0 tous moments.<\/span><br \/><span style=\"color: #000000;\">Ces informations permettent d\u2019\u00e9tablir des statistiques, volumes de fr\u00e9quentation et utilisations des divers \u00e9l\u00e9ments composant le site. Ces donn\u00e9es permettent l\u2019am\u00e9lioration de l\u2019ergonomie et des services en fonction des int\u00e9r\u00eats de l\u2019utilisateur.<\/span><\/p>\r\n<p class=\"p2\"><span style=\"color: #000000;\">Pour la gestion des cookies et de vos choix, la configuration de chaque navigateur est diff\u00e9rente. Elle est d\u00e9crite dans le menu d\u2019aide de votre navigateur, qui vous permettra de savoir de quelle mani\u00e8re modifier vos souhaits en mati\u00e8re de cookies. Tout param\u00e9trage que vous pouvez entreprendre sera susceptible de modifier votre navigation sur Internet et vos conditions d\u2019acc\u00e8s \u00e0 certains services n\u00e9cessitant l\u2019utilisation de Cookies.<\/span><\/p>\r\n<p class=\"p2\"><span style=\"color: #000000;\">\u2013\u00a0\u00a0\u00a0 Internet Explorer\u2122 :\u00a0http:\/\/windows.microsoft.com\/fr-FR\/windows-vista\/Block-or-allow-cookies<\/span><br \/><span style=\"color: #000000;\">\u2013\u00a0\u00a0\u00a0 Chrome\u2122\u00a0:\u00a0http:\/\/support.google.com\/chrome\/bin\/answer.py?hl=fr&amp;hlrm=en&amp;answer=95647<\/span><br \/><span style=\"color: #000000;\">\u2013\u00a0\u00a0\u00a0 Firefox\u2122 :\u00a0http:\/\/support.mozilla.org\/fr\/kb\/Activer%20et%20d%C3%A9sactiver%20les%20cookies<\/span><br \/><span style=\"color: #000000;\">Pour tout autre navigateur non mentionn\u00e9 ci-dessus, n\u2019h\u00e9sitez pas \u00e0 consulter les aides de gestions des cookies disponibles sur internet.<\/span><\/p>\r\n<\/div>\r\n<p><span style=\"color: #000000;\">Site web r\u00e9alis\u00e9 par :<\/span><\/p>\r\n<p><span style=\"color: #000000;\"><a style=\"color: #000000;\" href=\"https:\/\/socialy.fr\/\">Socialy<\/a> &#8211; Agence de communication<\/span><\/p>\r\n<p>&nbsp;<\/p>\r\n<\/div>\r\n<\/div>\r\n<p>&nbsp;<\/p>\r\n\r\n<p>&nbsp;<\/p>","protected":false},"excerpt":{"rendered":"<p>&nbsp; Directeur de la publication : Fr\u00e9d\u00e9ric Collignon Site Web \u00e9dit\u00e9 par : ABF D\u00e9cisions1 impasse du Palais37 000 ToursFrance Site Web heberg\u00e9 par : OVH2 rue Kellermann59100 Roubaix08\u00a020\u00a069\u00a087\u00a065 SAS au capital de 9 778,00 euros,immatricul\u00e9e au Registre du Commerce et des Soci\u00e9t\u00e9s de Tourssous le num\u00e9ro 444979280FR87444979280 n\u00b0 d\u2019identification TVA44497928000054 SIRET Bienvenue chez ABF [&hellip;]<\/p>\n","protected":false},"author":1,"featured_media":0,"parent":0,"menu_order":0,"comment_status":"closed","ping_status":"open","template":"","meta":{"_acf_changed":false,"inline_featured_image":false,"footnotes":""},"class_list":["post-2645","page","type-page","status-publish","hentry"],"acf":[],"yoast_head":"<!-- This site is optimized with the Yoast SEO plugin v25.6 - https:\/\/yoast.com\/wordpress\/plugins\/seo\/ -->\n<title>Legal Notices - ABF D\u00e9cisions<\/title>\n<meta name=\"robots\" content=\"index, follow, max-snippet:-1, max-image-preview:large, max-video-preview:-1\" \/>\n<link rel=\"canonical\" href=\"https:\/\/www.abfdecisions.fr\/en\/legal-notices\/\" \/>\n<meta property=\"og:locale\" content=\"en_US\" \/>\n<meta property=\"og:type\" content=\"article\" \/>\n<meta property=\"og:title\" content=\"Legal Notices - ABF D\u00e9cisions\" \/>\n<meta property=\"og:description\" content=\"&nbsp; Directeur de la publication : Fr\u00e9d\u00e9ric Collignon Site Web \u00e9dit\u00e9 par : ABF D\u00e9cisions1 impasse du Palais37 000 ToursFrance Site Web heberg\u00e9 par : OVH2 rue Kellermann59100 Roubaix08\u00a020\u00a069\u00a087\u00a065 SAS au capital de 9 778,00 euros,immatricul\u00e9e au Registre du Commerce et des Soci\u00e9t\u00e9s de Tourssous le num\u00e9ro 444979280FR87444979280 n\u00b0 d\u2019identification TVA44497928000054 SIRET Bienvenue chez ABF [&hellip;]\" \/>\n<meta property=\"og:url\" content=\"https:\/\/www.abfdecisions.fr\/en\/legal-notices\/\" \/>\n<meta property=\"og:site_name\" content=\"ABF D\u00e9cisions\" \/>\n<meta property=\"article:modified_time\" content=\"2026-01-28T13:26:42+00:00\" \/>\n<meta name=\"twitter:card\" content=\"summary_large_image\" \/>\n<meta name=\"twitter:label1\" content=\"Est. reading time\" \/>\n\t<meta name=\"twitter:data1\" content=\"7 minutes\" \/>\n<script type=\"application\/ld+json\" class=\"yoast-schema-graph\">{\"@context\":\"https:\/\/schema.org\",\"@graph\":[{\"@type\":\"WebPage\",\"@id\":\"https:\/\/www.abfdecisions.fr\/en\/legal-notices\/\",\"url\":\"https:\/\/www.abfdecisions.fr\/en\/legal-notices\/\",\"name\":\"Legal Notices - ABF D\u00e9cisions\",\"isPartOf\":{\"@id\":\"https:\/\/www.abfdecisions.fr\/#website\"},\"datePublished\":\"2022-02-21T06:40:21+00:00\",\"dateModified\":\"2026-01-28T13:26:42+00:00\",\"breadcrumb\":{\"@id\":\"https:\/\/www.abfdecisions.fr\/en\/legal-notices\/#breadcrumb\"},\"inLanguage\":\"en-US\",\"potentialAction\":[{\"@type\":\"ReadAction\",\"target\":[\"https:\/\/www.abfdecisions.fr\/en\/legal-notices\/\"]}]},{\"@type\":\"BreadcrumbList\",\"@id\":\"https:\/\/www.abfdecisions.fr\/en\/legal-notices\/#breadcrumb\",\"itemListElement\":[{\"@type\":\"ListItem\",\"position\":1,\"name\":\"Accueil\",\"item\":\"https:\/\/www.abfdecisions.fr\/en\/\"},{\"@type\":\"ListItem\",\"position\":2,\"name\":\"Legal Notices\"}]},{\"@type\":\"WebSite\",\"@id\":\"https:\/\/www.abfdecisions.fr\/#website\",\"url\":\"https:\/\/www.abfdecisions.fr\/\",\"name\":\"ABF D\u00e9cisions\",\"description\":\"\",\"potentialAction\":[{\"@type\":\"SearchAction\",\"target\":{\"@type\":\"EntryPoint\",\"urlTemplate\":\"https:\/\/www.abfdecisions.fr\/?s={search_term_string}\"},\"query-input\":{\"@type\":\"PropertyValueSpecification\",\"valueRequired\":true,\"valueName\":\"search_term_string\"}}],\"inLanguage\":\"en-US\"}]}<\/script>\n<!-- \/ Yoast SEO plugin. -->","yoast_head_json":{"title":"Legal Notices - ABF D\u00e9cisions","robots":{"index":"index","follow":"follow","max-snippet":"max-snippet:-1","max-image-preview":"max-image-preview:large","max-video-preview":"max-video-preview:-1"},"canonical":"https:\/\/www.abfdecisions.fr\/en\/legal-notices\/","og_locale":"en_US","og_type":"article","og_title":"Legal Notices - ABF D\u00e9cisions","og_description":"&nbsp; Directeur de la publication : Fr\u00e9d\u00e9ric Collignon Site Web \u00e9dit\u00e9 par : ABF D\u00e9cisions1 impasse du Palais37 000 ToursFrance Site Web heberg\u00e9 par : OVH2 rue Kellermann59100 Roubaix08\u00a020\u00a069\u00a087\u00a065 SAS au capital de 9 778,00 euros,immatricul\u00e9e au Registre du Commerce et des Soci\u00e9t\u00e9s de Tourssous le num\u00e9ro 444979280FR87444979280 n\u00b0 d\u2019identification TVA44497928000054 SIRET Bienvenue chez ABF [&hellip;]","og_url":"https:\/\/www.abfdecisions.fr\/en\/legal-notices\/","og_site_name":"ABF D\u00e9cisions","article_modified_time":"2026-01-28T13:26:42+00:00","twitter_card":"summary_large_image","twitter_misc":{"Est. reading time":"7 minutes"},"schema":{"@context":"https:\/\/schema.org","@graph":[{"@type":"WebPage","@id":"https:\/\/www.abfdecisions.fr\/en\/legal-notices\/","url":"https:\/\/www.abfdecisions.fr\/en\/legal-notices\/","name":"Legal Notices - ABF D\u00e9cisions","isPartOf":{"@id":"https:\/\/www.abfdecisions.fr\/#website"},"datePublished":"2022-02-21T06:40:21+00:00","dateModified":"2026-01-28T13:26:42+00:00","breadcrumb":{"@id":"https:\/\/www.abfdecisions.fr\/en\/legal-notices\/#breadcrumb"},"inLanguage":"en-US","potentialAction":[{"@type":"ReadAction","target":["https:\/\/www.abfdecisions.fr\/en\/legal-notices\/"]}]},{"@type":"BreadcrumbList","@id":"https:\/\/www.abfdecisions.fr\/en\/legal-notices\/#breadcrumb","itemListElement":[{"@type":"ListItem","position":1,"name":"Accueil","item":"https:\/\/www.abfdecisions.fr\/en\/"},{"@type":"ListItem","position":2,"name":"Legal Notices"}]},{"@type":"WebSite","@id":"https:\/\/www.abfdecisions.fr\/#website","url":"https:\/\/www.abfdecisions.fr\/","name":"ABF D\u00e9cisions","description":"","potentialAction":[{"@type":"SearchAction","target":{"@type":"EntryPoint","urlTemplate":"https:\/\/www.abfdecisions.fr\/?s={search_term_string}"},"query-input":{"@type":"PropertyValueSpecification","valueRequired":true,"valueName":"search_term_string"}}],"inLanguage":"en-US"}]}},"_links":{"self":[{"href":"https:\/\/www.abfdecisions.fr\/en\/wp-json\/wp\/v2\/pages\/2645","targetHints":{"allow":["GET"]}}],"collection":[{"href":"https:\/\/www.abfdecisions.fr\/en\/wp-json\/wp\/v2\/pages"}],"about":[{"href":"https:\/\/www.abfdecisions.fr\/en\/wp-json\/wp\/v2\/types\/page"}],"author":[{"embeddable":true,"href":"https:\/\/www.abfdecisions.fr\/en\/wp-json\/wp\/v2\/users\/1"}],"replies":[{"embeddable":true,"href":"https:\/\/www.abfdecisions.fr\/en\/wp-json\/wp\/v2\/comments?post=2645"}],"version-history":[{"count":6,"href":"https:\/\/www.abfdecisions.fr\/en\/wp-json\/wp\/v2\/pages\/2645\/revisions"}],"predecessor-version":[{"id":7748,"href":"https:\/\/www.abfdecisions.fr\/en\/wp-json\/wp\/v2\/pages\/2645\/revisions\/7748"}],"wp:attachment":[{"href":"https:\/\/www.abfdecisions.fr\/en\/wp-json\/wp\/v2\/media?parent=2645"}],"curies":[{"name":"wp","href":"https:\/\/api.w.org\/{rel}","templated":true}]}}